{"id":41,"date":"2025-03-12T14:47:57","date_gmt":"2025-03-12T13:47:57","guid":{"rendered":"https:\/\/www.cvjm-anzhausen.de\/?page_id=41"},"modified":"2025-05-22T20:00:18","modified_gmt":"2025-05-22T18:00:18","slug":"unterstuetzen","status":"publish","type":"page","link":"https:\/\/www.cvjm-anzhausen.de\/?page_id=41","title":{"rendered":"Unterst\u00fctzen"},"content":{"rendered":"\n<h3 class=\"wp-block-heading\">Unterst\u00fctze unsere Arbeit<\/h3>\n\n\n\n<p>Unsere Arbeit als christlicher Verein ist gepr\u00e4gt von dem Wunsch, Gottes Liebe sichtbar zu machen \u2013 durch Gemeinschaft, Hilfe und gelebten Glauben. Viele unserer Angebote und Projekte w\u00e4ren ohne ehrenamtliches Engagement und finanzielle Unterst\u00fctzung nicht m\u00f6glich.<\/p>\n\n\n\n<p>Als gemeinn\u00fctziger Verein sind wir auf Spenden angewiesen, um weiterhin Begegnungsr\u00e4ume zu schaffen, Kinder- und Jugendarbeit anzubieten und unseren christlichen Auftrag in die Tat umzusetzen.<\/p>\n\n\n\n<p><strong>Jede Spende \u2013 ob gro\u00df oder klein \u2013 hilft!<\/strong><br>Wenn Du unsere Arbeit unterst\u00fctzen m\u00f6chtest, freuen wir uns \u00fcber eine einmalige oder regelm\u00e4\u00dfige Spende.<\/p>\n\n\n\n<p>\ud83d\udca1 <strong>Deine Spende ist steuerlich absetzbar.<\/strong><br>Auf Wunsch stellen wir Dir gerne eine Spendenbescheinigung aus.<\/p>\n\n\n\n<p>Herzlichen Dank f\u00fcr Deine Unterst\u00fctzung \u2013 finanziell, im Gebet oder durch Ihre Mithilfe. Gemeinsam d\u00fcrfen wir ein Segen f\u00fcr andere sein!<\/p>\n\n\n\n<p><strong>Spendenkonto:<\/strong><br>CVJM Anzhausen<br>IBAN: <strong>DE53 4605 0001 0055 5214 62<\/strong><br>BIC: WELADED1SIE<br>Sparkasse Siegen<\/p>\n\n\n\n<p>\ud83d\udd01 <strong>QR-Code (GiroCode) f\u00fcr einfaches Spenden per Banking-App:<\/strong><\/p>\n\n\n\n<figure class=\"wp-block-image size-full is-resized\"><img loading=\"lazy\" decoding=\"async\" width=\"296\" height=\"296\" src=\"https:\/\/www.cvjm-anzhausen.de\/wp-content\/uploads\/2025\/05\/Girocode_CVJM-Konto.png\" alt=\"\" class=\"wp-image-176\" style=\"width:123px;height:auto\" srcset=\"https:\/\/www.cvjm-anzhausen.de\/wp-content\/uploads\/2025\/05\/Girocode_CVJM-Konto.png 296w, https:\/\/www.cvjm-anzhausen.de\/wp-content\/uploads\/2025\/05\/Girocode_CVJM-Konto-150x150.png 150w\" sizes=\"auto, (max-width: 296px) 100vw, 296px\" \/><\/figure>\n\n\n\n<p><\/p>\n","protected":false},"excerpt":{"rendered":"<p>Unterst\u00fctze unsere Arbeit Unsere Arbeit als christlicher Verein ist gepr\u00e4gt von dem Wunsch, Gottes Liebe<\/p>\n","protected":false},"author":3,"featured_media":0,"parent":0,"menu_order":0,"comment_status":"closed","ping_status":"closed","template":"","meta":{"footnotes":""},"class_list":["post-41","page","type-page","status-publish","hentry"],"_links":{"self":[{"href":"https:\/\/www.cvjm-anzhausen.de\/index.php?rest_route=\/wp\/v2\/pages\/41","targetHints":{"allow":["GET"]}}],"collection":[{"href":"https:\/\/www.cvjm-anzhausen.de\/index.php?rest_route=\/wp\/v2\/pages"}],"about":[{"href":"https:\/\/www.cvjm-anzhausen.de\/index.php?rest_route=\/wp\/v2\/types\/page"}],"author":[{"embeddable":true,"href":"https:\/\/www.cvjm-anzhausen.de\/index.php?rest_route=\/wp\/v2\/users\/3"}],"replies":[{"embeddable":true,"href":"https:\/\/www.cvjm-anzhausen.de\/index.php?rest_route=%2Fwp%2Fv2%2Fcomments&post=41"}],"version-history":[{"count":3,"href":"https:\/\/www.cvjm-anzhausen.de\/index.php?rest_route=\/wp\/v2\/pages\/41\/revisions"}],"predecessor-version":[{"id":177,"href":"https:\/\/www.cvjm-anzhausen.de\/index.php?rest_route=\/wp\/v2\/pages\/41\/revisions\/177"}],"wp:attachment":[{"href":"https:\/\/www.cvjm-anzhausen.de\/index.php?rest_route=%2Fwp%2Fv2%2Fmedia&parent=41"}],"curies":[{"name":"wp","href":"https:\/\/api.w.org\/{rel}","templated":true}]}}